{"id":2901,"date":"2022-01-12T12:56:34","date_gmt":"2022-01-12T12:56:34","guid":{"rendered":"https:\/\/abc-vermietung.de\/?post_type=product&#038;p=2901"},"modified":"2026-01-03T18:11:52","modified_gmt":"2026-01-03T18:11:52","slug":"kato-9-vxe","status":"publish","type":"product","link":"https:\/\/abc-vermietung.de\/?product=kato-9-vxe","title":{"rendered":"Kato 9 VXE"},"content":{"rendered":"","protected":false},"excerpt":{"rendered":"<p>Der Minibagger 9VXE, ein superkompaktes Modell, setzt die Technologie von Maschinen h\u00f6herer Klassen ein. Grableistung und -geschwindigkeit sind die Vorteile dieser Maschine bei der Arbeit auf beengtem Raum: bei kleinen Renovierungsarbeiten, Grabungen und der Reinigung von Kanalisationen, in Tunnel, wo gr\u00f6\u00dfere Maschinen nicht hinkommen, aber auch f\u00fcr die G\u00e4rtnerei und in Pflanzenschulen.<\/p>\n<p>Wir k\u00f6nnen die Maschine, auch bei Bedarf mit unserem Kran, direkt in deinen Garten heben. Egal ob Mauer, Hecke oder Zaun im Weg ist. F\u00fcr weitere Informationen hierzu ruf uns bitte einfach an und wir besprechen welche L\u00f6sung es f\u00fcr dich gibt.<\/p>\n<p>Die Preise aller Anbauger\u00e4te werden als Tagespreise angezeigt.<\/p>\n<p><strong>Inklusive Anbauger\u00e4te<\/strong><\/p>\n<ul>\n<li>30 cm L\u00f6ffel<\/li>\n<li>50 cm L\u00f6ffel<\/li>\n<\/ul>\n","protected":false},"featured_media":2276,"template":"","meta":[],"product_brand":[],"product_cat":[206],"product_tag":[],"class_list":{"0":"post-2901","1":"product","2":"type-product","3":"status-publish","4":"has-post-thumbnail","6":"product_cat-minibagger","7":"tm-has-options","9":"first","10":"outofstock","11":"taxable","12":"shipping-taxable","13":"purchasable","14":"product-type-variable"},"booking_location":null,"booking_location_type":null,"booking_duration":null,"booking_duration_unit":null,"booking_buffer":null,"booking_cost":null,"booking_resources":null,"_links":{"self":[{"href":"https:\/\/abc-vermietung.de\/index.php?rest_route=\/wp\/v2\/product\/2901","targetHints":{"allow":["GET"]}}],"collection":[{"href":"https:\/\/abc-vermietung.de\/index.php?rest_route=\/wp\/v2\/product"}],"about":[{"href":"https:\/\/abc-vermietung.de\/index.php?rest_route=\/wp\/v2\/types\/product"}],"version-history":[{"count":0,"href":"https:\/\/abc-vermietung.de\/index.php?rest_route=\/wp\/v2\/product\/2901\/revisions"}],"wp:featuredmedia":[{"embeddable":true,"href":"https:\/\/abc-vermietung.de\/index.php?rest_route=\/wp\/v2\/media\/2276"}],"wp:attachment":[{"href":"https:\/\/abc-vermietung.de\/index.php?rest_route=%2Fwp%2Fv2%2Fmedia&parent=2901"}],"wp:term":[{"taxonomy":"product_brand","embeddable":true,"href":"https:\/\/abc-vermietung.de\/index.php?rest_route=%2Fwp%2Fv2%2Fproduct_brand&post=2901"},{"taxonomy":"product_cat","embeddable":true,"href":"https:\/\/abc-vermietung.de\/index.php?rest_route=%2Fwp%2Fv2%2Fproduct_cat&post=2901"},{"taxonomy":"product_tag","embeddable":true,"href":"https:\/\/abc-vermietung.de\/index.php?rest_route=%2Fwp%2Fv2%2Fproduct_tag&post=2901"}],"curies":[{"name":"wp","href":"https:\/\/api.w.org\/{rel}","templated":true}]}}