{"id":3053,"date":"2022-01-17T14:18:18","date_gmt":"2022-01-17T14:18:18","guid":{"rendered":"https:\/\/abc-vermietung.de\/?post_type=product&#038;p=3053"},"modified":"2026-01-03T18:12:13","modified_gmt":"2026-01-03T18:12:13","slug":"kubota-kx-19","status":"publish","type":"product","link":"https:\/\/abc-vermietung.de\/?product=kubota-kx-19","title":{"rendered":"Kubota KX 19"},"content":{"rendered":"","protected":false},"excerpt":{"rendered":"<p>Neue Ma\u00dfst\u00e4be in der Gewichtsklasse 1,5 bis 2,0 Tonnen Einsatzgewicht setzt unser neuer KX019-4 durch hohe Flexibilit\u00e4t und Einsatzf\u00e4higkeit bei feinf\u00fchliger Ansteuerung, Short-Pitched Gummiketten und doppelt gef\u00fchrten Laufrollen, automatischer Fahrgeschwindigkeitsumschaltung, Steuerung der Anbauteile mittels elektronischem Wippschalter und Speicherm\u00f6glichkeit der entsprechenden Daten wie auch einer h\u00f6chst komfortablen Kabine. Der KX019-4 ist auch mit kurzem Arm verf\u00fcgbar.<\/p>\n<p>Wir k\u00f6nnen die Maschine, auch bei Bedarf mit unserem Kran, direkt in deinen Garten heben. Egal ob Mauer, Hecke oder Zaun im Weg ist. F\u00fcr weitere Informationen hierzu ruf uns bitte einfach an und wir besprechen welche L\u00f6sung es f\u00fcr dich gibt.<\/p>\n<p>Die Preise aller Anbauger\u00e4te werden als Tagespreise angezeigt.<\/p>\n<p><strong>Inklusive Anbauger\u00e4te<\/strong><\/p>\n<ul>\n<li>30 cm L\u00f6ffel<\/li>\n<li>50 cm L\u00f6ffel<\/li>\n<\/ul>\n","protected":false},"featured_media":2140,"template":"","meta":[],"product_brand":[],"product_cat":[206],"product_tag":[],"class_list":{"0":"post-3053","1":"product","2":"type-product","3":"status-publish","4":"has-post-thumbnail","6":"product_cat-minibagger","7":"tm-has-options","9":"first","10":"outofstock","11":"taxable","12":"shipping-taxable","13":"purchasable","14":"product-type-variable"},"booking_location":null,"booking_location_type":null,"booking_duration":null,"booking_duration_unit":null,"booking_buffer":null,"booking_cost":null,"booking_resources":null,"_links":{"self":[{"href":"https:\/\/abc-vermietung.de\/index.php?rest_route=\/wp\/v2\/product\/3053","targetHints":{"allow":["GET"]}}],"collection":[{"href":"https:\/\/abc-vermietung.de\/index.php?rest_route=\/wp\/v2\/product"}],"about":[{"href":"https:\/\/abc-vermietung.de\/index.php?rest_route=\/wp\/v2\/types\/product"}],"version-history":[{"count":0,"href":"https:\/\/abc-vermietung.de\/index.php?rest_route=\/wp\/v2\/product\/3053\/revisions"}],"wp:featuredmedia":[{"embeddable":true,"href":"https:\/\/abc-vermietung.de\/index.php?rest_route=\/wp\/v2\/media\/2140"}],"wp:attachment":[{"href":"https:\/\/abc-vermietung.de\/index.php?rest_route=%2Fwp%2Fv2%2Fmedia&parent=3053"}],"wp:term":[{"taxonomy":"product_brand","embeddable":true,"href":"https:\/\/abc-vermietung.de\/index.php?rest_route=%2Fwp%2Fv2%2Fproduct_brand&post=3053"},{"taxonomy":"product_cat","embeddable":true,"href":"https:\/\/abc-vermietung.de\/index.php?rest_route=%2Fwp%2Fv2%2Fproduct_cat&post=3053"},{"taxonomy":"product_tag","embeddable":true,"href":"https:\/\/abc-vermietung.de\/index.php?rest_route=%2Fwp%2Fv2%2Fproduct_tag&post=3053"}],"curies":[{"name":"wp","href":"https:\/\/api.w.org\/{rel}","templated":true}]}}